{"id":375,"date":"2013-06-05T12:24:23","date_gmt":"2013-06-05T12:24:23","guid":{"rendered":"http:\/\/www.nat-sophrologie-44.com\/?page_id=375"},"modified":"2026-02-09T15:39:44","modified_gmt":"2026-02-09T15:39:44","slug":"liberation-emotionnelle","status":"publish","type":"page","link":"https:\/\/www.nat-sophrologie-44.com\/?page_id=375","title":{"rendered":"Lib\u00e9ration \u00e9motionnelle"},"content":{"rendered":"<p data-start=\"390\" data-end=\"526\">Nos r\u00e9actions \u00e9motionnelles ont souvent des causes profond\u00e9ment enfouies dans notre pass\u00e9, si bien qu\u2019elles nous restent myst\u00e9rieuses.<\/p>\n<p data-start=\"528\" data-end=\"673\">Pourtant, il est possible d\u2019y acc\u00e9der, de les accueillir et de les laisser s\u2019exprimer pleinement, afin qu\u2019elles se lib\u00e8rent et se transforment.<\/p>\n<p data-start=\"675\" data-end=\"969\">Depuis notre naissance, nous portons un <strong data-start=\"715\" data-end=\"736\">bagage \u00e9motionnel<\/strong> : h\u00e9ritage familial et social, croyances et blessures accumul\u00e9es durant l\u2019enfance. Ces \u00e9motions enfouies peuvent provoquer des <strong data-start=\"864\" data-end=\"904\">blocages, des r\u00e9flexes de protection<\/strong>, et nous emp\u00eacher de nous sentir sereins, l\u00e9gers et spontan\u00e9s.<\/p>\n<p data-start=\"971\" data-end=\"1165\">Mon r\u00f4le est de vous <strong data-start=\"992\" data-end=\"1059\">guider pour entrer en contact avec vos \u00e9motions et vos blocages<\/strong>, afin de permettre des <strong data-start=\"1083\" data-end=\"1119\">changements profonds et durables<\/strong> dans votre comportement et votre bien-\u00eatre.<\/p>\n<p data-start=\"1167\" data-end=\"1358\">Avec <strong data-start=\"1172\" data-end=\"1209\">pr\u00e9sence, \u00e9coute et bienveillance<\/strong>, je vous accompagne pas \u00e0 pas, \u00e0 travers les sensations de votre corps, vers la <strong data-start=\"1290\" data-end=\"1355\">lib\u00e9ration des \u00e9motions enfouies et la gu\u00e9rison des blessures<\/strong>.<\/p>\n<p data-start=\"1360\" data-end=\"1392\">Vous pourrez ainsi retrouver :<\/p>\n<ul data-start=\"1393\" data-end=\"1500\">\n<li data-start=\"1393\" data-end=\"1418\">\n<p data-start=\"1395\" data-end=\"1418\"><strong data-start=\"1395\" data-end=\"1416\">Confiance en vous<\/strong><\/p>\n<\/li>\n<li data-start=\"1419\" data-end=\"1446\">\n<p data-start=\"1421\" data-end=\"1446\"><strong data-start=\"1421\" data-end=\"1444\">Estime de vous-m\u00eame<\/strong><\/p>\n<\/li>\n<li data-start=\"1447\" data-end=\"1500\">\n<p data-start=\"1449\" data-end=\"1500\"><strong data-start=\"1449\" data-end=\"1498\">Un nouvel \u00e9lan de vie plus vrai et plus juste<\/strong><\/p>\n<\/li>\n<\/ul>\n","protected":false},"excerpt":{"rendered":"<p>Nos r\u00e9actions \u00e9motionnelles ont souvent des causes profond\u00e9ment enfouies dans notre pass\u00e9, si bien qu\u2019elles nous restent myst\u00e9rieuses. Pourtant, il est possible d\u2019y acc\u00e9der, de les accueillir et de les laisser s\u2019exprimer pleinement, afin qu\u2019elles se lib\u00e8rent et se transforment. &hellip; <a href=\"https:\/\/www.nat-sophrologie-44.com\/?page_id=375\">Continuer la lecture <span class=\"meta-nav\">&rarr;<\/span><\/a><\/p>\n","protected":false},"author":1,"featured_media":0,"parent":0,"menu_order":0,"comment_status":"open","ping_status":"open","template":"","meta":{"footnotes":""},"class_list":["post-375","page","type-page","status-publish","hentry"],"aioseo_notices":[],"_links":{"self":[{"href":"https:\/\/www.nat-sophrologie-44.com\/index.php?rest_route=\/wp\/v2\/pages\/375","targetHints":{"allow":["GET"]}}],"collection":[{"href":"https:\/\/www.nat-sophrologie-44.com\/index.php?rest_route=\/wp\/v2\/pages"}],"about":[{"href":"https:\/\/www.nat-sophrologie-44.com\/index.php?rest_route=\/wp\/v2\/types\/page"}],"author":[{"embeddable":true,"href":"https:\/\/www.nat-sophrologie-44.com\/index.php?rest_route=\/wp\/v2\/users\/1"}],"replies":[{"embeddable":true,"href":"https:\/\/www.nat-sophrologie-44.com\/index.php?rest_route=%2Fwp%2Fv2%2Fcomments&post=375"}],"version-history":[{"count":11,"href":"https:\/\/www.nat-sophrologie-44.com\/index.php?rest_route=\/wp\/v2\/pages\/375\/revisions"}],"predecessor-version":[{"id":1078,"href":"https:\/\/www.nat-sophrologie-44.com\/index.php?rest_route=\/wp\/v2\/pages\/375\/revisions\/1078"}],"wp:attachment":[{"href":"https:\/\/www.nat-sophrologie-44.com\/index.php?rest_route=%2Fwp%2Fv2%2Fmedia&parent=375"}],"curies":[{"name":"wp","href":"https:\/\/api.w.org\/{rel}","templated":true}]}}