{"id":22,"date":"2011-09-13T13:23:04","date_gmt":"2011-09-13T13:23:04","guid":{"rendered":"http:\/\/www.nat-sophrologie-44.com\/?page_id=22"},"modified":"2025-12-07T19:26:40","modified_gmt":"2025-12-07T19:26:40","slug":"horaires","status":"publish","type":"page","link":"https:\/\/www.nat-sophrologie-44.com\/?page_id=22","title":{"rendered":"Horaires et Tarifs"},"content":{"rendered":"<p><strong><span style=\"text-decoration: underline;\">Sophrologie<\/span><\/strong><\/p>\n<p><strong>S\u00e9ance individuelle<\/strong>: 1h : 60\u20ac sur rendez-vous du lundi au samedi<\/p>\n<p>la s\u00e9ance pour les enfants 1h :55\u20ac<\/p>\n<div id=\"lAV4aGmKQbC2ReLF1i\"><\/div>\n<p><strong>S\u00e9ance pour couple en CNV\u00a0 ou Sophrologie:<\/strong> 1h30 : 90\u20ac<\/p>\n<p><strong>\u00a0I<em>nscription \u00e0 l&rsquo; ann\u00e9e au <\/em>s\u00e9ance de groupes\u00a0 : <\/strong>12\u20ac la s\u00e9ance soit 396\u20ac\u00a0 pour 33 s\u00e9ances +10\u20ac d&rsquo;adh\u00e9sion.<\/p>\n<p><em>I<strong>nscription au trimestre s\u00e9ance en groupes: 15\u20ac la s\u00e9ance soit 165\u20ac pour 11 s\u00e9ances +10\u20ac d&rsquo;adh\u00e9sion.<\/strong><\/em><\/p>\n<p><em><strong><span class=\"C9DxTc \">Cours \u00e0 l&rsquo;unit\u00e9 : <\/span><span class=\"C9DxTc \">20\u20ac<\/span>.<\/strong><br \/>\n<\/em><\/p>\n<p><span style=\"font-family: Book Antiqua;\">\u00a0<\/span><\/p>\n<p><strong>Reprise des cours le mardi 16 septembre et\u00a0 le lundi 22 septembre 2025.<\/strong><\/p>\n<p><strong>le lundi<\/strong><\/p>\n<p>19h45 \u00e0 20h45<\/p>\n<p><strong>le mardi<\/strong><\/p>\n<p>10h45 \u00e0 11h45<\/p>\n<p>19h \u00e0 20h<\/p>\n<p><strong><span style=\"text-decoration: underline;\">Ateliers de Communication et d&rsquo;\u00e9ducation \u00e9motionnell<\/span><\/strong><span style=\"text-decoration: underline;\"><strong>e:<\/strong><br \/>\n<\/span><\/p>\n<p><em><strong>Une fois par mois de septembre \u00e0 juin<span style=\"color: #ff0000;\"> un\u00a0 jeudi\/ mois de\u00a0 19h00 \u00e0 22h00<\/span> pour les d\u00e9butants 39.50\u20ac par Atelier soit 395\u20ac l&rsquo;ann\u00e9e+10\u20ac d&rsquo;adh\u00e9sion.<br \/>\n<\/strong><\/em><\/p>\n<h3><span style=\"font-family: Andalus; font-size: large;\"><span style=\"color: #ff0000;\"><strong> 1ere s\u00e9ance <b><span style=\"color: #ff0000; font-family: Andalus;\">\u00a0le 25 septembre 2025 le 16 octobre, 20 novembre, 18 d\u00e9cembre 2025, 15 janv, 12 f\u00e9vrier, 12\u00a0 mars, 9 avril, 7 mai, 18 juin 2026<\/span><\/b><\/strong><\/span><\/span><\/h3>\n<p><strong>\u00a0les ateliers d&rsquo; approfondissement ont lieu <span style=\"color: #ff0000;\">un jeudi\/mois\u00a0 de 19h30 \u00e0 22h<\/span>: 30<\/strong><strong>\u20ac par Atelier soit 300\u20ac l&rsquo;ann\u00e9e <em>+10\u20ac d&rsquo;adh\u00e9sion.<\/em><br \/>\n<\/strong><\/p>\n<h3><span style=\"font-family: Book Antiqua;\"><b><span style=\"color: #ff0000;\">1ere s\u00e9ance le 11 septembre 2025,\u00a0 9 oct, 6 nov, 4 d\u00e9c, 8 janv , 5 f\u00e9vrier, 5 mars, 2 et 30\u00a0 avril, et 4 juin 2026.<br \/>\n<\/span><\/b><\/span><\/h3>\n<p><strong>Massage S\u00e9r\u00e9nit\u00e9 dur\u00e9e 1h15 :<\/strong> 70 <em>\u20ac sur rendez-vous<br \/>\n<\/em><\/p>\n<p><strong>Massage S\u00e9r\u00e9nit\u00e9 pour couples dur\u00e9e 1h15: 70<\/strong>\u20ac chacun<em> sur rendez-vous<\/em><\/p>\n<p><strong>Massage S\u00e9r\u00e9nit\u00e9 4 mains dur\u00e9e 1h:<\/strong> 140\u20ac <em>sur rendez vous<\/em><\/p>\n<p><strong>Massage TAO ou Tantrique dur\u00e9e 2h<\/strong>: 140\u20ac <em>sur rendez vous<\/em><\/p>\n<p><strong>Massage TAO ou Tantrique dur\u00e9e 1h15<\/strong>: 95\u20ac<\/p>\n<p><strong>\u00a0<\/strong><strong>Massage Tao ou Tantrique pour couples dur\u00e9e 2h:<\/strong> 280\u20ac\u00a0 sur rendez vous<\/p>\n<p><strong>Massage 4 mains TAO ou Tantra dur\u00e9e\u00a0 2h<\/strong> 280\u20ac sur rendez-vous<\/p>\n","protected":false},"excerpt":{"rendered":"<p>Sophrologie S\u00e9ance individuelle: 1h : 60\u20ac sur rendez-vous du lundi au samedi la s\u00e9ance pour les enfants 1h :55\u20ac S\u00e9ance pour couple en CNV\u00a0 ou Sophrologie: 1h30 : 90\u20ac \u00a0Inscription \u00e0 l&rsquo; ann\u00e9e au s\u00e9ance de groupes\u00a0 : 12\u20ac la &hellip; <a href=\"https:\/\/www.nat-sophrologie-44.com\/?page_id=22\">Continuer la lecture <span class=\"meta-nav\">&rarr;<\/span><\/a><\/p>\n","protected":false},"author":1,"featured_media":0,"parent":0,"menu_order":40,"comment_status":"open","ping_status":"open","template":"","meta":{"footnotes":""},"class_list":["post-22","page","type-page","status-publish","hentry"],"aioseo_notices":[],"_links":{"self":[{"href":"https:\/\/www.nat-sophrologie-44.com\/index.php?rest_route=\/wp\/v2\/pages\/22","targetHints":{"allow":["GET"]}}],"collection":[{"href":"https:\/\/www.nat-sophrologie-44.com\/index.php?rest_route=\/wp\/v2\/pages"}],"about":[{"href":"https:\/\/www.nat-sophrologie-44.com\/index.php?rest_route=\/wp\/v2\/types\/page"}],"author":[{"embeddable":true,"href":"https:\/\/www.nat-sophrologie-44.com\/index.php?rest_route=\/wp\/v2\/users\/1"}],"replies":[{"embeddable":true,"href":"https:\/\/www.nat-sophrologie-44.com\/index.php?rest_route=%2Fwp%2Fv2%2Fcomments&post=22"}],"version-history":[{"count":90,"href":"https:\/\/www.nat-sophrologie-44.com\/index.php?rest_route=\/wp\/v2\/pages\/22\/revisions"}],"predecessor-version":[{"id":1067,"href":"https:\/\/www.nat-sophrologie-44.com\/index.php?rest_route=\/wp\/v2\/pages\/22\/revisions\/1067"}],"wp:attachment":[{"href":"https:\/\/www.nat-sophrologie-44.com\/index.php?rest_route=%2Fwp%2Fv2%2Fmedia&parent=22"}],"curies":[{"name":"wp","href":"https:\/\/api.w.org\/{rel}","templated":true}]}}