{"id":125,"date":"2011-12-20T10:09:29","date_gmt":"2011-12-20T10:09:29","guid":{"rendered":"http:\/\/www.nat-sophrologie-44.com\/?page_id=125"},"modified":"2025-09-16T07:13:39","modified_gmt":"2025-09-16T07:13:39","slug":"sophrologie-ludique","status":"publish","type":"page","link":"https:\/\/www.nat-sophrologie-44.com\/?page_id=125","title":{"rendered":"Sophrologie Ludique"},"content":{"rendered":"<p>La Sophrologie Ludique utilise le corps \u00e0 travers <strong>le mouvement, le l\u00e2cher prise, la relation, le plaisir, la cr\u00e9ativit\u00e9, le jeu et la joie.<\/strong> Elle donne une grande importance au partage et \u00e0 la dynamique du groupe.<\/p>\n<p style=\"text-align: center;\"><a href=\"http:\/\/www.nat-sophrologie-44.com\/wp-content\/uploads\/2013\/07\/IMG_0119-Copie1.jpg\"><img loading=\"lazy\" decoding=\"async\" class=\"alignnone size-medium wp-image-396\" src=\"http:\/\/www.nat-sophrologie-44.com\/wp-content\/uploads\/2013\/07\/IMG_0119-Copie1-300x225.jpg\" alt=\"IMG_0119 - Copie\" width=\"300\" height=\"225\" srcset=\"https:\/\/www.nat-sophrologie-44.com\/wp-content\/uploads\/2013\/07\/IMG_0119-Copie1-300x225.jpg 300w, https:\/\/www.nat-sophrologie-44.com\/wp-content\/uploads\/2013\/07\/IMG_0119-Copie1-1024x768.jpg 1024w\" sizes=\"auto, (max-width: 300px) 100vw, 300px\" \/><\/a>\u00a0\u00a0\u00a0\u00a0\u00a0\u00a0\u00a0\u00a0<a href=\"http:\/\/www.nat-sophrologie-44.com\/wp-content\/uploads\/2013\/07\/IMG_0159.jpg\"><img loading=\"lazy\" decoding=\"async\" class=\"alignnone size-medium wp-image-392\" src=\"http:\/\/www.nat-sophrologie-44.com\/wp-content\/uploads\/2013\/07\/IMG_0159-300x225.jpg\" alt=\"IMG_0159\" width=\"300\" height=\"225\" srcset=\"https:\/\/www.nat-sophrologie-44.com\/wp-content\/uploads\/2013\/07\/IMG_0159-300x225.jpg 300w, https:\/\/www.nat-sophrologie-44.com\/wp-content\/uploads\/2013\/07\/IMG_0159-1024x768.jpg 1024w\" sizes=\"auto, (max-width: 300px) 100vw, 300px\" \/><\/a><a href=\"http:\/\/www.nat-sophrologie-44.com\/wp-content\/uploads\/2013\/07\/IMG_0135.jpg\"><img loading=\"lazy\" decoding=\"async\" class=\"alignnone size-medium wp-image-390\" src=\"http:\/\/www.nat-sophrologie-44.com\/wp-content\/uploads\/2013\/07\/IMG_0135-300x225.jpg\" alt=\"IMG_0135\" width=\"300\" height=\"225\" srcset=\"https:\/\/www.nat-sophrologie-44.com\/wp-content\/uploads\/2013\/07\/IMG_0135-300x225.jpg 300w, https:\/\/www.nat-sophrologie-44.com\/wp-content\/uploads\/2013\/07\/IMG_0135-1024x768.jpg 1024w\" sizes=\"auto, (max-width: 300px) 100vw, 300px\" \/><\/a><a href=\"http:\/\/www.nat-sophrologie-44.com\/wp-content\/uploads\/2013\/07\/IMG_0158.jpg\"><img loading=\"lazy\" decoding=\"async\" class=\"size-medium wp-image-391 alignright\" src=\"http:\/\/www.nat-sophrologie-44.com\/wp-content\/uploads\/2013\/07\/IMG_0158-300x225.jpg\" alt=\"IMG_0158\" width=\"300\" height=\"225\" srcset=\"https:\/\/www.nat-sophrologie-44.com\/wp-content\/uploads\/2013\/07\/IMG_0158-300x225.jpg 300w, https:\/\/www.nat-sophrologie-44.com\/wp-content\/uploads\/2013\/07\/IMG_0158-1024x768.jpg 1024w\" sizes=\"auto, (max-width: 300px) 100vw, 300px\" \/><\/a><a href=\"http:\/\/www.nat-sophrologie-44.com\/wp-content\/uploads\/2013\/07\/IMG_0195.jpg\"><img loading=\"lazy\" decoding=\"async\" class=\"size-medium wp-image-394 aligncenter\" src=\"http:\/\/www.nat-sophrologie-44.com\/wp-content\/uploads\/2013\/07\/IMG_0195-300x225.jpg\" alt=\"IMG_0195\" width=\"300\" height=\"225\" srcset=\"https:\/\/www.nat-sophrologie-44.com\/wp-content\/uploads\/2013\/07\/IMG_0195-300x225.jpg 300w, https:\/\/www.nat-sophrologie-44.com\/wp-content\/uploads\/2013\/07\/IMG_0195-1024x768.jpg 1024w\" sizes=\"auto, (max-width: 300px) 100vw, 300px\" \/><\/a><a href=\"http:\/\/www.nat-sophrologie-44.com\/wp-content\/uploads\/2013\/07\/IMG_0202.jpg\"><img loading=\"lazy\" decoding=\"async\" class=\"alignnone size-medium wp-image-399\" src=\"http:\/\/www.nat-sophrologie-44.com\/wp-content\/uploads\/2013\/07\/IMG_0202-300x225.jpg\" alt=\"IMG_0202\" width=\"300\" height=\"225\" srcset=\"https:\/\/www.nat-sophrologie-44.com\/wp-content\/uploads\/2013\/07\/IMG_0202-300x225.jpg 300w, https:\/\/www.nat-sophrologie-44.com\/wp-content\/uploads\/2013\/07\/IMG_0202-1024x768.jpg 1024w\" sizes=\"auto, (max-width: 300px) 100vw, 300px\" \/><\/a>\u00a0\u00a0 <a href=\"http:\/\/www.nat-sophrologie-44.com\/wp-content\/uploads\/2013\/07\/IMG_0163.jpg\"><img loading=\"lazy\" decoding=\"async\" class=\"size-medium wp-image-393 alignright\" src=\"http:\/\/www.nat-sophrologie-44.com\/wp-content\/uploads\/2013\/07\/IMG_0163-300x225.jpg\" alt=\"IMG_0163\" width=\"300\" height=\"225\" srcset=\"https:\/\/www.nat-sophrologie-44.com\/wp-content\/uploads\/2013\/07\/IMG_0163-300x225.jpg 300w, https:\/\/www.nat-sophrologie-44.com\/wp-content\/uploads\/2013\/07\/IMG_0163-1024x768.jpg 1024w\" sizes=\"auto, (max-width: 300px) 100vw, 300px\" \/><\/a><\/p>\n<div id=\"weTXP1Qbmy0cv\"><\/div>\n<div id=\"ifCC4JuUjATl6tXXs7r\"><\/div>\n<p>Elle fait appel \u00e0 la capacit\u00e9 de vivre <strong>le plaisir, le bonheur, la surprise et la spontan\u00e9it\u00e9<\/strong> qui existe en l&rsquo;enfant de mani\u00e8re naturelle mais parfois laiss\u00e9 de c\u00f4t\u00e9 par les conditionnements de notre soci\u00e9t\u00e9.<br \/>\nElle est \u00e0 la base destin\u00e9e aux enfants mais comme dans chaque adulte l&rsquo;enfant est toujours l\u00e0 avec ses besoins de joie et l\u00e9g\u00e8ret\u00e9 elle ravie aussi les adultes.<br \/>\nDes stages en\u00a0 familles sont\u00a0 aussi un excellent moyen de rassembler les enfants avec leurs parents, grands parents &#8230;pour partager un moment convivial et complice et retrouver le plaisir de jouer avec son corps.<\/p>\n<p><strong>J&rsquo;organise des ateliers dans diff\u00e9rentes structures:<\/strong><\/p>\n<p>\u00c9coles, Associations, F\u00eates familiales&#8230;.<\/p>\n<p>Contactez moi par mail<br \/>\nou par t\u00e9l\u00e9phone pour d\u00e9finir ensemble votre projet.<\/p>\n<p><strong>\u00a0<\/strong><\/p>\n","protected":false},"excerpt":{"rendered":"<p>La Sophrologie Ludique utilise le corps \u00e0 travers le mouvement, le l\u00e2cher prise, la relation, le plaisir, la cr\u00e9ativit\u00e9, le jeu et la joie. Elle donne une grande importance au partage et \u00e0 la dynamique du groupe. \u00a0\u00a0\u00a0\u00a0\u00a0\u00a0\u00a0\u00a0\u00a0\u00a0 Elle fait &hellip; <a href=\"https:\/\/www.nat-sophrologie-44.com\/?page_id=125\">Continuer la lecture <span class=\"meta-nav\">&rarr;<\/span><\/a><\/p>\n","protected":false},"author":1,"featured_media":0,"parent":0,"menu_order":10,"comment_status":"open","ping_status":"closed","template":"","meta":{"footnotes":""},"class_list":["post-125","page","type-page","status-publish","hentry"],"aioseo_notices":[],"_links":{"self":[{"href":"https:\/\/www.nat-sophrologie-44.com\/index.php?rest_route=\/wp\/v2\/pages\/125","targetHints":{"allow":["GET"]}}],"collection":[{"href":"https:\/\/www.nat-sophrologie-44.com\/index.php?rest_route=\/wp\/v2\/pages"}],"about":[{"href":"https:\/\/www.nat-sophrologie-44.com\/index.php?rest_route=\/wp\/v2\/types\/page"}],"author":[{"embeddable":true,"href":"https:\/\/www.nat-sophrologie-44.com\/index.php?rest_route=\/wp\/v2\/users\/1"}],"replies":[{"embeddable":true,"href":"https:\/\/www.nat-sophrologie-44.com\/index.php?rest_route=%2Fwp%2Fv2%2Fcomments&post=125"}],"version-history":[{"count":15,"href":"https:\/\/www.nat-sophrologie-44.com\/index.php?rest_route=\/wp\/v2\/pages\/125\/revisions"}],"predecessor-version":[{"id":1042,"href":"https:\/\/www.nat-sophrologie-44.com\/index.php?rest_route=\/wp\/v2\/pages\/125\/revisions\/1042"}],"wp:attachment":[{"href":"https:\/\/www.nat-sophrologie-44.com\/index.php?rest_route=%2Fwp%2Fv2%2Fmedia&parent=125"}],"curies":[{"name":"wp","href":"https:\/\/api.w.org\/{rel}","templated":true}]}}