{"id":1097,"date":"2026-02-20T15:02:56","date_gmt":"2026-02-20T15:02:56","guid":{"rendered":"https:\/\/www.nat-sophrologie-44.com\/?page_id=1097"},"modified":"2026-02-20T15:42:02","modified_gmt":"2026-02-20T15:42:02","slug":"massages-bien-etre","status":"publish","type":"page","link":"https:\/\/www.nat-sophrologie-44.com\/?page_id=1097","title":{"rendered":"Massages bien-\u00eatre"},"content":{"rendered":"\n<p><strong>Massages bien-\u00eatre, TAO, tantrique et pour couple<\/strong><\/p>\n\n\n\n<p>Je vous accueille dans un espace enti\u00e8rement d\u00e9di\u00e9 \u00e0 la d\u00e9tente, \u00e0 l\u2019\u00e9coute et au bien-\u00eatre de votre corps et de votre esprit. <\/p>\n\n\n\n<p>Form\u00e9e \u00e0 l\u2019\u00c9cole Fran\u00e7aise de Massage \u2013 Institut Hypot\u00e9nuse (\u00e9cole certifi\u00e9e ISO 9001), je vous propose des soins enveloppants et personnalis\u00e9s, alliant pr\u00e9sence, douceur et conscience du toucher.<\/p>\n\n\n\n<p>Chaque s\u00e9ance est une v\u00e9ritable parenth\u00e8se hors du temps, une invitation \u00e0 rel\u00e2cher les tensions physiques et \u00e9motionnelles, \u00e0 apaiser le mental et \u00e0 retrouver votre \u00e9nergie vitale.<\/p>\n\n\n\n<hr class=\"wp-block-separator has-alpha-channel-opacity\"\/>\n\n\n\n<p><strong>Massage Bien-\u00catre S\u00e9r\u00e9nit\u00e9 \u2013 1h15<\/strong><\/p>\n\n\n\n<p>Un massage aux huiles essentielles biologiques, con\u00e7u comme un cocon de douceur.<\/p>\n\n\n\n<p>Subtil m\u00e9lange de techniques occidentales et orientales, il enveloppe le corps avec lenteur et profondeur pour :<\/p>\n\n\n\n<ul class=\"wp-block-list\">\n<li>D\u00e9tendre les tensions musculaires<\/li>\n\n\n\n<li>Apaiser le syst\u00e8me nerveux<\/li>\n\n\n\n<li>Rel\u00e2cher les charges \u00e9motionnelles<\/li>\n\n\n\n<li>Retrouver unit\u00e9 et harmonie int\u00e9rieure<\/li>\n<\/ul>\n\n\n\n<p>Les mains tissent autour de vous un v\u00e9ritable cocon \u00e9nerg\u00e9tique, alternant enveloppement, soutien et bercement.<br>Un moment pr\u00e9cieux pour se reconnecter \u00e0 son corps et \u00e0 son c\u0153ur.<\/p>\n\n\n\n<hr class=\"wp-block-separator has-alpha-channel-opacity\"\/>\n\n\n\n<p><strong>Massage Tao \u2013 2h<\/strong><\/p>\n\n\n\n<p>Inspir\u00e9 de la philosophie tao\u00efste, ce massage vise \u00e0 r\u00e9veiller et harmoniser l\u2019\u00e9nergie vitale.<\/p>\n\n\n\n<p>L\u2019alternance de mouvements Yin, lents et subtils, et de mouvements Yang, plus contenants, favorise la mont\u00e9e et la libre circulation de l\u2019\u00e9nergie dans tout le corps.<\/p>\n\n\n\n<p>Des temps de pause permettent l\u2019int\u00e9gration profonde de cette \u00e9nergie, cr\u00e9ant des vagues int\u00e9rieures r\u00e9g\u00e9n\u00e9rantes.<\/p>\n\n\n\n<p>Ses bienfaits :<\/p>\n\n\n\n<ul class=\"wp-block-list\">\n<li>Relaxation profonde<\/li>\n\n\n\n<li>Vitalit\u00e9 retrouv\u00e9e<\/li>\n\n\n\n<li>Circulation harmonieuse de l\u2019\u00e9nergie<\/li>\n\n\n\n<li>Ouverture du c\u0153ur<\/li>\n\n\n\n<li>Lib\u00e9ration \u00e9motionnelle<\/li>\n\n\n\n<li>Unification du corps et de l\u2019esprit<\/li>\n<\/ul>\n\n\n\n<p>Une exp\u00e9rience \u00e0 la fois douce, puissante et profond\u00e9ment transformatrice.<\/p>\n\n\n\n<hr class=\"wp-block-separator has-alpha-channel-opacity\"\/>\n\n\n\n<p><strong> Massage Tantrique \u2013 2h<\/strong><\/p>\n\n\n\n<p>Issu des traditions ancestrales de l\u2019Inde et du Tibet, ce massage sacr\u00e9 vise \u00e0 harmoniser les \u00e9nergies du corps et \u00e0 \u00e9veiller la conscience sensorielle.<\/p>\n\n\n\n<p>\u00c0 travers une respiration consciente et un toucher lent, respectueux et m\u00e9ditatif, l\u2019\u00e9nergie vitale (Chi) est r\u00e9veill\u00e9e et diffus\u00e9e dans l\u2019ensemble des centres \u00e9nerg\u00e9tiques.<\/p>\n\n\n\n<p>Ce soin permet :<\/p>\n\n\n\n<ul class=\"wp-block-list\">\n<li>Une d\u00e9tente profonde<\/li>\n\n\n\n<li>Une reconnexion \u00e0 ses sensations<\/li>\n\n\n\n<li>Une lib\u00e9ration \u00e9motionnelle<\/li>\n\n\n\n<li>Une expansion de l\u2019\u00eatre<\/li>\n\n\n\n<li>Une harmonisation int\u00e9rieure et relationnelle<\/li>\n<\/ul>\n\n\n\n<p>Une exp\u00e9rience subtile et intense, v\u00e9cue dans un cadre s\u00e9curisant et bienveillant.<\/p>\n\n\n\n<hr class=\"wp-block-separator has-alpha-channel-opacity\"\/>\n\n\n\n<p><strong>Exp\u00e9riences \u00e0 Deux<\/strong><\/p>\n\n\n\n<p><strong>Massage Duo \u2013 Rituel \u00e0 partager<\/strong><\/p>\n\n\n\n<p>Offrez-vous un moment d\u2019exception \u00e0 vivre \u00e0 deux.<\/p>\n\n\n\n<p>Dans une atmosph\u00e8re chaleureuse et \u00e9l\u00e9gante, chacun re\u00e7oit son massage simultan\u00e9ment.<br>Les respirations s\u2019accordent, les \u00e9nergies se r\u00e9pondent, la d\u00e9tente se partage.<\/p>\n\n\n\n<p>Une exp\u00e9rience privil\u00e9gi\u00e9e pour renforcer la complicit\u00e9, c\u00e9l\u00e9brer le lien et vivre un profond l\u00e2cher-prise ensemble.<\/p>\n\n\n\n<p>Un v\u00e9ritable rituel de bien-\u00eatre \u00e0 deux.<\/p>\n\n\n\n<hr class=\"wp-block-separator has-alpha-channel-opacity\"\/>\n\n\n\n<p><strong>Massage \u00e0 4 Mains \u2013 Exp\u00e9rience Signature<\/strong><\/p>\n\n\n\n<p>\u2728 <em>Une exp\u00e9rience sensorielle rare, pour celles et ceux qui souhaitent s\u2019offrir un moment d\u2019exception.<\/em><\/p>\n\n\n\n<p>R\u00e9alis\u00e9 en parfaite harmonie avec mon compagnon, le massage \u00e0 4 mains est une immersion totale dans le l\u00e2cher-prise.<\/p>\n\n\n\n<p>Deux praticiens, quatre mains, un m\u00eame rythme\u2026<br>Le mental se d\u00e9connecte naturellement, les rep\u00e8res s\u2019effacent, le corps s\u2019abandonne en toute confiance.<\/p>\n\n\n\n<p>La synchronisation des gestes cr\u00e9e une sensation d\u2019enveloppement absolu, presque m\u00e9ditative, amplifiant la d\u00e9tente et l\u2019intensit\u00e9 des perceptions.<\/p>\n\n\n\n<p>Un soin d\u2019exception, profond\u00e9ment immersif, qui procure une harmonie subtile et puissante entre le corps et l\u2019esprit.<\/p>\n\n\n\n<hr class=\"wp-block-separator has-alpha-channel-opacity\"\/>\n\n\n\n<p>Chaque s\u00e9ance est unique et adapt\u00e9e \u00e0 votre rythme, \u00e0 votre sensibilit\u00e9 et \u00e0 vos besoins du moment.<\/p>\n\n\n\n<p>Je vous invite \u00e0 vous offrir ce temps pr\u00e9cieux pour vous d\u00e9poser, vous recentrer et retrouver votre \u00e9quilibre naturel.<\/p>\n\n\n\n<h1 class=\"wp-block-heading\">Tarifs<\/h1>\n\n\n\n<p>Les s\u00e9ances se d\u00e9roulent exclusivement sur rendez-vous.<\/p>\n\n\n\n<h3 class=\"wp-block-heading\">Massage Bien-\u00catre S\u00e9r\u00e9nit\u00e9<\/h3>\n\n\n\n<p>\u2022 1h15 : <strong>70 \u20ac<\/strong><\/p>\n\n\n\n<h3 class=\"wp-block-heading\"> Massage Bien-\u00catre S\u00e9r\u00e9nit\u00e9 en Duo<\/h3>\n\n\n\n<p>\u2022 1h15 : <strong>70 \u20ac par personne<\/strong><\/p>\n\n\n\n<h3 class=\"wp-block-heading\"> Massage Bien-\u00catre S\u00e9r\u00e9nit\u00e9 \u00e0 4 Mains<\/h3>\n\n\n\n<p>\u2022 1h : <strong>140 \u20ac<\/strong><\/p>\n\n\n\n<h3 class=\"wp-block-heading\"> Massage Tao ou Tantrique<\/h3>\n\n\n\n<p>\u2022 2h : <strong>140 \u20ac<\/strong><br>\u2022 1h15 : <strong>95 \u20ac<\/strong><\/p>\n\n\n\n<h3 class=\"wp-block-heading\"> Massage Tao ou Tantrique en Duo<\/h3>\n\n\n\n<p>\u2022 2h : <strong>280 \u20ac<\/strong><\/p>\n\n\n\n<h3 class=\"wp-block-heading\"> Massage Tao ou Tantrique \u00e0 4 Mains<\/h3>\n\n\n\n<p>\u2022 2h : <strong>280 \u20ac<\/strong><\/p>\n\n\n\n<p> Des bons cadeaux personnalis\u00e9s sont disponibles pour toutes les prestations.<\/p>\n\n\n\n<hr class=\"wp-block-separator has-alpha-channel-opacity\"\/>\n\n\n\n<h2 class=\"wp-block-heading\"><\/h2>\n\n\n\n<p><strong>\u00ab Entre douceur et profondeur, un voyage int\u00e9rieur vers l\u2019unit\u00e9 du corps, du c\u0153ur et de l\u2019\u00e2me. \u00bb<\/strong><\/p>\n","protected":false},"excerpt":{"rendered":"<p>Massages bien-\u00eatre, TAO, tantrique et pour couple Je vous accueille dans un espace enti\u00e8rement d\u00e9di\u00e9 \u00e0 la d\u00e9tente, \u00e0 l\u2019\u00e9coute et au bien-\u00eatre de votre corps et de votre esprit. Form\u00e9e \u00e0 l\u2019\u00c9cole Fran\u00e7aise de Massage \u2013 Institut Hypot\u00e9nuse (\u00e9cole &hellip; <a href=\"https:\/\/www.nat-sophrologie-44.com\/?page_id=1097\">Continuer la lecture <span class=\"meta-nav\">&rarr;<\/span><\/a><\/p>\n","protected":false},"author":1,"featured_media":0,"parent":0,"menu_order":0,"comment_status":"closed","ping_status":"closed","template":"","meta":{"footnotes":""},"class_list":["post-1097","page","type-page","status-publish","hentry"],"aioseo_notices":[],"_links":{"self":[{"href":"https:\/\/www.nat-sophrologie-44.com\/index.php?rest_route=\/wp\/v2\/pages\/1097","targetHints":{"allow":["GET"]}}],"collection":[{"href":"https:\/\/www.nat-sophrologie-44.com\/index.php?rest_route=\/wp\/v2\/pages"}],"about":[{"href":"https:\/\/www.nat-sophrologie-44.com\/index.php?rest_route=\/wp\/v2\/types\/page"}],"author":[{"embeddable":true,"href":"https:\/\/www.nat-sophrologie-44.com\/index.php?rest_route=\/wp\/v2\/users\/1"}],"replies":[{"embeddable":true,"href":"https:\/\/www.nat-sophrologie-44.com\/index.php?rest_route=%2Fwp%2Fv2%2Fcomments&post=1097"}],"version-history":[{"count":5,"href":"https:\/\/www.nat-sophrologie-44.com\/index.php?rest_route=\/wp\/v2\/pages\/1097\/revisions"}],"predecessor-version":[{"id":1105,"href":"https:\/\/www.nat-sophrologie-44.com\/index.php?rest_route=\/wp\/v2\/pages\/1097\/revisions\/1105"}],"wp:attachment":[{"href":"https:\/\/www.nat-sophrologie-44.com\/index.php?rest_route=%2Fwp%2Fv2%2Fmedia&parent=1097"}],"curies":[{"name":"wp","href":"https:\/\/api.w.org\/{rel}","templated":true}]}}