{"id":25,"date":"2011-09-13T14:05:16","date_gmt":"2011-09-13T14:05:16","guid":{"rendered":"http:\/\/www.nat-sophrologie-44.com\/?page_id=25"},"modified":"2025-09-16T07:15:34","modified_gmt":"2025-09-16T07:15:34","slug":"ateliers-de-communication-et-deducation-emotionnelle","status":"publish","type":"page","link":"http:\/\/www.nat-sophrologie-44.com\/?page_id=25","title":{"rendered":"Ateliers de Communication bienveillante et d&rsquo;\u00e9ducation \u00e9motionnelle"},"content":{"rendered":"<p>Form\u00e9e en Communication non violente cr\u00e9\u00e9e par Marshall ROSENBERG<\/p>\n<p>et en \u00e9ducation \u00e9motionnelle avec Michel CLAEYS BOUUAERT en photo ci &#8211; dessous.<\/p>\n<p style=\"text-align: center;\"><a href=\"http:\/\/www.nat-sophrologie-44.com\/wp-content\/uploads\/2011\/09\/100_0970.jpg\"><img loading=\"lazy\" decoding=\"async\" class=\" wp-image-559 aligncenter\" src=\"http:\/\/www.nat-sophrologie-44.com\/wp-content\/uploads\/2011\/09\/100_0970-768x1024.jpg\" alt=\"100_0970\" width=\"358\" height=\"478\" srcset=\"http:\/\/www.nat-sophrologie-44.com\/wp-content\/uploads\/2011\/09\/100_0970-768x1024.jpg 768w, http:\/\/www.nat-sophrologie-44.com\/wp-content\/uploads\/2011\/09\/100_0970-225x300.jpg 225w\" sizes=\"auto, (max-width: 358px) 100vw, 358px\" \/><\/a>Je vous propose des ateliers pour:<\/p>\n<p><strong>Am\u00e9liorer la communication:adultes\/ados\/enfants\/amis\/collaborateurs&#8230;.<\/strong><\/p>\n<p><em>Ce processus de communication est un outil simple, concret et puissant qui nous permet de d\u00e9passer les conflits pour pr\u00e9server la qualit\u00e9 de nos relations.<\/em><\/p>\n<p><em>Rentrer en contact avec ce qui se passe en nous pour ensuite l&rsquo;exprimer \u00e0 l&rsquo;autre avec bienveillance.<\/em><\/p>\n<p>&#8211; Identifier ses sentiments et besoins:<\/p>\n<p>&#8211; Oser les exprimer<\/p>\n<p>&#8211; Oser s&rsquo;affirmer sans blesser<\/p>\n<p>&#8211; Oser demander et diff\u00e9rencier demande et exigence<\/p>\n<p>&#8211; Apprivoiser le conflit<\/p>\n<p>&#8211; Transformer la col\u00e8re et la culpabilit\u00e9<\/p>\n<p>&#8211; D\u00e9velopper l&rsquo;\u00e9coute empathique et l&rsquo;auto-empathie<\/p>\n<p><strong><em>\u00a0<\/em><\/strong><\/p>\n<p><strong>Bas\u00e9e sur une approche ludique,\u00a0 destin\u00e9e \u00e0 offrir des apprentissages et des prises de conscience essentielle,<strong>L&rsquo;\u00e9ducation \u00e9motionnelle explore:<\/strong><\/strong><\/p>\n<p><em>La relation \u00e0 l\u2019autre et \u00e0 soi-m\u00eame, l&rsquo;acceptation de la diff\u00e9rence, comment trouver sa place dans la vie.<br \/>\n<\/em><\/p>\n<p><em>La confiance en soi, l&rsquo;estime de soi, l&rsquo; enthousiasme.\u00a0 le recentrage et l\u2019ouverture sur ses ressources int\u00e9rieures.<\/em><\/p>\n<p><em>Le travail avec l\u2019\u00e9nergie \u00e9motionnelle, la ma\u00eetrise du mental, d\u00e9finir son intention et sa motivation, <\/em><em><em>Se fixer des objectifs, apprendre \u00e0 faire des choix<\/em>, le sens des responsabilit\u00e9s et de l\u2019engagement.<\/em><\/p>\n<p><strong>Intervention en milieu \u00e9ducatif<\/strong>:<\/p>\n<p>Animation d&rsquo;atelier pour les enfants<\/p>\n<p>Stage pour les enseignants<\/p>\n<p>Intervention aupr\u00e8s des \u00e9tudiants<\/p>\n<p><strong>Intervention en entreprise<\/strong>:<\/p>\n<p>Diminuer et r\u00e9soudre les conflits<\/p>\n<p>Augmenter la collaboration<\/p>\n<p>Augmenter la productivit\u00e9 et la cr\u00e9ativit\u00e9<\/p>\n<p><strong>Vous \u00eates int\u00e9ress\u00e9s&#8230;.<strong>allez \u00e0 la page horaires<\/strong><\/strong><\/p>\n<p><strong>Pour toutes interventions en entreprises, \u00e9coles, associations:<\/strong><\/p>\n<p><strong>Contactez moi par\u00a0 mail ou t\u00e9l\u00e9phone je me ferais un plaisir de r\u00e9pondre \u00e0 vos questions et demandes.<\/strong><\/p>\n<p><strong>\u00a0<\/strong><\/p>\n<p><strong>Accompagnement individuel<\/strong>:<\/p>\n<p>Nos r\u00e9actions \u00e9motionnelles ont le plus souvent des causes si profond\u00e9ment enfouies en nous et dans notre pass\u00e9 qu\u2019elles nous demeurent\u00a0myst\u00e9rieuses.<\/p>\n<p>Pourtant, il est possible d\u2019y avoir acc\u00e8s, de les contr\u00f4ler et m\u00eame parfois de les supprimer. En passant par les sensations du corps.<\/p>\n<p>Lorsqu\u2019une r\u00e9action \u00e9motionnelle inadapt\u00e9e persiste depuis longtemps dans notre vie, il n\u2019est pas toujours facile de remonter \u00e0 ses origines.<\/p>\n<p>Pourtant, <strong>notre r\u00e9action aux \u00e9v\u00e9nements pr\u00e9sents est toujours la cons\u00e9quence de ce que notre cerveau a enregistr\u00e9 au cours d\u2019exp\u00e9riences ant\u00e9rieures.<\/strong><\/p>\n<p><strong>Je vous propose un travail de lib\u00e9ration \u00e9motionnelle \u00e0 partir des sensations du corps pour:<\/strong><\/p>\n<p>Retrouver confiance et estime de soi<\/p>\n<p>Gu\u00e9rir l&rsquo;enfant bless\u00e9 pour se r\u00e9aliser en tant qu&rsquo; \u00caTRE dans toute votre splendeur et votre potentiel<\/p>\n","protected":false},"excerpt":{"rendered":"<p>Form\u00e9e en Communication non violente cr\u00e9\u00e9e par Marshall ROSENBERG et en \u00e9ducation \u00e9motionnelle avec Michel CLAEYS BOUUAERT en photo ci &#8211; dessous. Je vous propose des ateliers pour: Am\u00e9liorer la communication:adultes\/ados\/enfants\/amis\/collaborateurs&#8230;. Ce processus de communication est un outil simple, concret &hellip; <a href=\"http:\/\/www.nat-sophrologie-44.com\/?page_id=25\">Continuer la lecture <span class=\"meta-nav\">&rarr;<\/span><\/a><\/p>\n","protected":false},"author":1,"featured_media":0,"parent":0,"menu_order":30,"comment_status":"open","ping_status":"open","template":"","meta":{"footnotes":""},"class_list":["post-25","page","type-page","status-publish","hentry"],"aioseo_notices":[],"_links":{"self":[{"href":"http:\/\/www.nat-sophrologie-44.com\/index.php?rest_route=\/wp\/v2\/pages\/25","targetHints":{"allow":["GET"]}}],"collection":[{"href":"http:\/\/www.nat-sophrologie-44.com\/index.php?rest_route=\/wp\/v2\/pages"}],"about":[{"href":"http:\/\/www.nat-sophrologie-44.com\/index.php?rest_route=\/wp\/v2\/types\/page"}],"author":[{"embeddable":true,"href":"http:\/\/www.nat-sophrologie-44.com\/index.php?rest_route=\/wp\/v2\/users\/1"}],"replies":[{"embeddable":true,"href":"http:\/\/www.nat-sophrologie-44.com\/index.php?rest_route=%2Fwp%2Fv2%2Fcomments&post=25"}],"version-history":[{"count":42,"href":"http:\/\/www.nat-sophrologie-44.com\/index.php?rest_route=\/wp\/v2\/pages\/25\/revisions"}],"predecessor-version":[{"id":1044,"href":"http:\/\/www.nat-sophrologie-44.com\/index.php?rest_route=\/wp\/v2\/pages\/25\/revisions\/1044"}],"wp:attachment":[{"href":"http:\/\/www.nat-sophrologie-44.com\/index.php?rest_route=%2Fwp%2Fv2%2Fmedia&parent=25"}],"curies":[{"name":"wp","href":"https:\/\/api.w.org\/{rel}","templated":true}]}}