{"id":237,"date":"2012-08-09T14:22:05","date_gmt":"2012-08-09T14:22:05","guid":{"rendered":"http:\/\/www.nat-sophrologie-44.com\/?page_id=237"},"modified":"2025-09-16T07:15:12","modified_gmt":"2025-09-16T07:15:12","slug":"initiation-au-massage-pour-le-couple","status":"publish","type":"page","link":"http:\/\/www.nat-sophrologie-44.com\/?page_id=237","title":{"rendered":"Initiation au massage pour le couple"},"content":{"rendered":"\n<p>Un temps pour votre couple pour apprendre \u00e0:<\/p>\n\n\n\n<p>&#8211; Se rencontrer dans le donner et dans le recevoir &#8230;. par&#8230;.. le toucher.<\/p>\n\n\n\n<p>&#8211; Dans la pr\u00e9sence \u00e0 soi, \u00e0 l&rsquo;autre.<\/p>\n\n\n\n<p>&#8211; \u00catre dans le respect, l&rsquo;\u00e9coute, la douceur, la sensualit\u00e9.<\/p>\n\n\n\n<p>&#8211; Renforcer l&rsquo;harmonie et la complicit\u00e9 du couple.<\/p>\n\n\n\n<p>&#8211; Redonner un nouveau souffle \u00e0 votre relation.<\/p>\n\n\n\n<p>&#8211; Apporter du bien \u00eatre \u00e0 son partenaire.<\/p>\n\n\n\n<p><strong>&nbsp; &nbsp; &nbsp; &nbsp; &nbsp; &nbsp; &nbsp; &nbsp; &nbsp; &nbsp; &nbsp; &nbsp; &nbsp; &nbsp; &nbsp; &nbsp; &nbsp; &nbsp; &nbsp; &nbsp; &nbsp; &nbsp; &nbsp; &nbsp; &nbsp; &nbsp; &nbsp; &nbsp; &nbsp; &nbsp; Le Tout dans la Joie, le Plaisir<\/strong><\/p>\n\n\n\n<p><span style=\"color: #993366;\"><strong>&nbsp;&nbsp;&nbsp;&nbsp;&nbsp;&nbsp;&nbsp;&nbsp;&nbsp; &nbsp; &nbsp; &nbsp; &nbsp; &nbsp; &nbsp; &nbsp; &nbsp; &nbsp; &nbsp; &nbsp; &nbsp; &nbsp; &nbsp; &nbsp; &nbsp; &nbsp; &nbsp; &nbsp; &nbsp; &nbsp; &nbsp; &nbsp; &nbsp; &nbsp;&nbsp;&nbsp; l&rsquo;Amour et la Bienveillance<\/strong><\/span><\/p>\n\n\n\n<p><em><strong>Tarifs<\/strong><\/em>: Pour un couple en individuel&nbsp; 150\u20ac les 2h<\/p>\n\n\n\n<p>LE MASSAGE TAO POUR LE COUPLE<\/p>\n\n\n\n<p>Ce temps de rituel TAO s\u2019adresse aux couples d\u00e9sireux<\/p>\n\n\n\n<ul class=\"wp-block-list\">\n<li>Apporter un regard nouveau sur leur relation de couple&nbsp; et favoriser l&rsquo;\u00e9panouissement de chacun.<\/li>\n\n\n\n<li>Retrouver une complicit\u00e9 au sein du couple et r\u00e9animer la flamme du d\u00e9sir<\/li>\n\n\n\n<li>Donner \u00e0 l\u2019acte amoureux une dimension m\u00e9ditative et sacr\u00e9e en unifiant corps\/c\u0153ur\/esprit.<\/li>\n\n\n\n<li>R\u00e9apprendre le toucher dans la pr\u00e9sence \u00e0 l\u2019autre.<\/li>\n\n\n\n<li>Utiliser l&rsquo;\u00e9nergie sexuelle au service du couple<\/li>\n<\/ul>\n\n\n\n<p><strong><em>Tarifs<\/em>:&nbsp; <\/strong>Pour un couple en individuel 350\u20ac les 4h et 600\u20ac la journ\u00e9e<strong><br><\/strong><\/p>\n\n\n\n<p><\/p>\n","protected":false},"excerpt":{"rendered":"<p>Un temps pour votre couple pour apprendre \u00e0: &#8211; Se rencontrer dans le donner et dans le recevoir &#8230;. par&#8230;.. le toucher. &#8211; Dans la pr\u00e9sence \u00e0 soi, \u00e0 l&rsquo;autre. &#8211; \u00catre dans le respect, l&rsquo;\u00e9coute, la douceur, la sensualit\u00e9. &hellip; <a href=\"http:\/\/www.nat-sophrologie-44.com\/?page_id=237\">Continuer la lecture <span class=\"meta-nav\">&rarr;<\/span><\/a><\/p>\n","protected":false},"author":1,"featured_media":0,"parent":0,"menu_order":12,"comment_status":"open","ping_status":"closed","template":"","meta":{"footnotes":""},"class_list":["post-237","page","type-page","status-publish","hentry"],"aioseo_notices":[],"_links":{"self":[{"href":"http:\/\/www.nat-sophrologie-44.com\/index.php?rest_route=\/wp\/v2\/pages\/237","targetHints":{"allow":["GET"]}}],"collection":[{"href":"http:\/\/www.nat-sophrologie-44.com\/index.php?rest_route=\/wp\/v2\/pages"}],"about":[{"href":"http:\/\/www.nat-sophrologie-44.com\/index.php?rest_route=\/wp\/v2\/types\/page"}],"author":[{"embeddable":true,"href":"http:\/\/www.nat-sophrologie-44.com\/index.php?rest_route=\/wp\/v2\/users\/1"}],"replies":[{"embeddable":true,"href":"http:\/\/www.nat-sophrologie-44.com\/index.php?rest_route=%2Fwp%2Fv2%2Fcomments&post=237"}],"version-history":[{"count":24,"href":"http:\/\/www.nat-sophrologie-44.com\/index.php?rest_route=\/wp\/v2\/pages\/237\/revisions"}],"predecessor-version":[{"id":1043,"href":"http:\/\/www.nat-sophrologie-44.com\/index.php?rest_route=\/wp\/v2\/pages\/237\/revisions\/1043"}],"wp:attachment":[{"href":"http:\/\/www.nat-sophrologie-44.com\/index.php?rest_route=%2Fwp%2Fv2%2Fmedia&parent=237"}],"curies":[{"name":"wp","href":"https:\/\/api.w.org\/{rel}","templated":true}]}}